{"id":2187,"date":"2020-05-19T13:09:49","date_gmt":"2020-05-19T05:09:49","guid":{"rendered":"https:\/\/jtlk.net\/apps\/base\/?post_type=product&#038;p=2187"},"modified":"2023-05-09T05:42:53","modified_gmt":"2023-05-08T21:42:53","slug":"puzzle-soho-hongkong-island","status":"publish","type":"product","link":"https:\/\/www.jtlk.net\/apps\/base\/?product=puzzle-soho-hongkong-island&lang=de","title":{"rendered":"Puzzle: SOHO, Hongkong Island"},"content":{"rendered":"<p>Puzzle mit 266 Teilen. Puzzle St\u00fcck f\u00fcr St\u00fcck das Bild der Luftaufnahme auf den SOHO Bezirk in Hongkong zusammen.<br \/>\nEin Spiel f\u00fcr die ganze Familie.<br \/>\nVerdopple den Spa\u00df und setze das Puzzle-Bild in einen Rahmen und genie\u00dfe das selbst gebaute Kunstwerk als Wohnungsdekoration.<\/p>\n<p>Eine willkommene Unterbrechung der Screen-Time w\u00e4hrend der Pandemie bedingten Stay-at-Home Zeit.<\/p>\n","protected":false},"excerpt":{"rendered":"<p><strong>Spa\u00df f\u00fcr die ganze Familie!<\/strong> Setze das Bild mit der sch\u00f6nen Luftaufnahme auf den SOHO Bezirk in Hongkong aus 266 Teilen zusammen.<br \/>\nEine willkommene Unterbrechung der Screen-Time w\u00e4hrend der Pandemie bedingten Stay-at-Home Zeit. <strong>Doppelter Spa\u00df!<\/strong> Setze das fertige Puzzle in einen Rahmen und dekoriere deine Wohnung. <\/p>\n","protected":false},"featured_media":2186,"comment_status":"open","ping_status":"closed","template":"","meta":[],"product_cat":[466],"product_tag":[194,485,614],"_links":{"self":[{"href":"https:\/\/www.jtlk.net\/apps\/base\/index.php?rest_route=\/wp\/v2\/product\/2187"}],"collection":[{"href":"https:\/\/www.jtlk.net\/apps\/base\/index.php?rest_route=\/wp\/v2\/product"}],"about":[{"href":"https:\/\/www.jtlk.net\/apps\/base\/index.php?rest_route=\/wp\/v2\/types\/product"}],"replies":[{"embeddable":true,"href":"https:\/\/www.jtlk.net\/apps\/base\/index.php?rest_route=%2Fwp%2Fv2%2Fcomments&post=2187"}],"wp:featuredmedia":[{"embeddable":true,"href":"https:\/\/www.jtlk.net\/apps\/base\/index.php?rest_route=\/wp\/v2\/media\/2186"}],"wp:attachment":[{"href":"https:\/\/www.jtlk.net\/apps\/base\/index.php?rest_route=%2Fwp%2Fv2%2Fmedia&parent=2187"}],"wp:term":[{"taxonomy":"product_cat","embeddable":true,"href":"https:\/\/www.jtlk.net\/apps\/base\/index.php?rest_route=%2Fwp%2Fv2%2Fproduct_cat&post=2187"},{"taxonomy":"product_tag","embeddable":true,"href":"https:\/\/www.jtlk.net\/apps\/base\/index.php?rest_route=%2Fwp%2Fv2%2Fproduct_tag&post=2187"}],"curies":[{"name":"wp","href":"https:\/\/api.w.org\/{rel}","templated":true}]}}