{"id":2166,"date":"2020-05-19T12:47:28","date_gmt":"2020-05-19T04:47:28","guid":{"rendered":"https:\/\/jtlk.net\/apps\/base\/?post_type=product&#038;p=2166"},"modified":"2024-06-05T05:04:03","modified_gmt":"2024-06-04T21:04:03","slug":"augenblicke-sunset","status":"publish","type":"product","link":"https:\/\/www.jtlk.net\/apps\/base\/?product=augenblicke-sunset&lang=de","title":{"rendered":"Augenblicke &#8211; Sunset"},"content":{"rendered":"<p>Ein kleines e-B\u00fcchlein zur Aufheiterung und zum Genie\u00dfen zwischendurch.<br \/>\nBer\u00fchmte Zitate verbunden mit sch\u00f6nen Sonnenuntergangbildern laden ein zum Entspannen, Entschleunigen und Wohlf\u00fchlen und vielleicht auch zum Reflektieren und finden von neuen Blickwinkeln.<\/p>\n<p><strong>Hinweis:<\/strong> e-Books werden auf verschiedenen Leseger\u00e4ten und Applikationen unterschiedlich dargestellt, abh\u00e4ngig von den jeweiligen Einstellungen und Konfigurationen. Alle hier gezeigten Abbildungen basieren auf Ansicht im Calibre e-Book Reader und sind nur als Beispiel gedacht.<\/p>\n","protected":false},"excerpt":{"rendered":"<p>Ein kleines e-B\u00fcchlein zur Aufheiterung und zum Genie\u00dfen zwischendurch.<br \/>\nBer\u00fchmte Zitate verbunden mit sch\u00f6nen Sonnenuntergangbildern laden ein zum Entspannen, Entschleunigen und Wohlf\u00fchlen und vielleicht auch zum Reflektieren und finden von neuen Blickwinkeln.<\/p>\n","protected":false},"featured_media":2168,"comment_status":"open","ping_status":"closed","template":"","meta":[],"product_cat":[343],"product_tag":[440,420,442,412,444,446,400,592,448,450,452,588,582,454,586,250,248,428,418,590,408,594,430,432,458,460,434,596,406],"_links":{"self":[{"href":"https:\/\/www.jtlk.net\/apps\/base\/index.php?rest_route=\/wp\/v2\/product\/2166"}],"collection":[{"href":"https:\/\/www.jtlk.net\/apps\/base\/index.php?rest_route=\/wp\/v2\/product"}],"about":[{"href":"https:\/\/www.jtlk.net\/apps\/base\/index.php?rest_route=\/wp\/v2\/types\/product"}],"replies":[{"embeddable":true,"href":"https:\/\/www.jtlk.net\/apps\/base\/index.php?rest_route=%2Fwp%2Fv2%2Fcomments&post=2166"}],"wp:featuredmedia":[{"embeddable":true,"href":"https:\/\/www.jtlk.net\/apps\/base\/index.php?rest_route=\/wp\/v2\/media\/2168"}],"wp:attachment":[{"href":"https:\/\/www.jtlk.net\/apps\/base\/index.php?rest_route=%2Fwp%2Fv2%2Fmedia&parent=2166"}],"wp:term":[{"taxonomy":"product_cat","embeddable":true,"href":"https:\/\/www.jtlk.net\/apps\/base\/index.php?rest_route=%2Fwp%2Fv2%2Fproduct_cat&post=2166"},{"taxonomy":"product_tag","embeddable":true,"href":"https:\/\/www.jtlk.net\/apps\/base\/index.php?rest_route=%2Fwp%2Fv2%2Fproduct_tag&post=2166"}],"curies":[{"name":"wp","href":"https:\/\/api.w.org\/{rel}","templated":true}]}}