{"id":2112,"date":"2020-05-13T11:23:31","date_gmt":"2020-05-13T03:23:31","guid":{"rendered":"https:\/\/jtlk.net\/apps\/base\/?post_type=product&#038;p=2112"},"modified":"2023-05-09T05:47:42","modified_gmt":"2023-05-08T21:47:42","slug":"puzzle-strand-mit-boot-ilocos-norte-philippinen","status":"publish","type":"product","link":"https:\/\/www.jtlk.net\/apps\/base\/?product=puzzle-strand-mit-boot-ilocos-norte-philippinen&lang=de","title":{"rendered":"Puzzle: Strand mit Boot, Ilocos Norte, Philippinen"},"content":{"rendered":"<p>Puzzle mit 266 Teilen. Puzzle St\u00fcck f\u00fcr St\u00fcck das sch\u00f6ne Bild mit Boot am Strand von Ilocos Norte, Philippinen.<br \/>\nEin Spiel f\u00fcr die ganze Familie.<br \/>\nVerdopple den Spa\u00df und setze das Puzzle-Bild in einen Rahmen und genie\u00dfe das selbst gebaute Kunstwerk als Wohnungsdekoration.<\/p>\n<p>Eine willkommene Unterbrechung der Screen-Time w\u00e4hrend der Pandemie bedingten Stay-at-Home Zeit.<\/p>\n","protected":false},"excerpt":{"rendered":"<p>Spa\u00df f\u00fcr die ganze Familie! Puzzle das sch\u00f6ne Bild mit Boot am Strand von Ilocos Norte, Philippinen, aus 266 Teilen zusammen.<br \/>\nEine willkommene Unterbrechung der Screen-Time w\u00e4hrend der Pandemie bedingten Stay-at-Home Zeit. Doppelter Spa\u00df! Setze das fertige Puzzle in einen Rahmen und dekoriere deine Wohnung. <\/p>\n","protected":false},"featured_media":2111,"comment_status":"open","ping_status":"closed","template":"","meta":[],"product_cat":[466],"product_tag":[502,506,450,248,485,489],"_links":{"self":[{"href":"https:\/\/www.jtlk.net\/apps\/base\/index.php?rest_route=\/wp\/v2\/product\/2112"}],"collection":[{"href":"https:\/\/www.jtlk.net\/apps\/base\/index.php?rest_route=\/wp\/v2\/product"}],"about":[{"href":"https:\/\/www.jtlk.net\/apps\/base\/index.php?rest_route=\/wp\/v2\/types\/product"}],"replies":[{"embeddable":true,"href":"https:\/\/www.jtlk.net\/apps\/base\/index.php?rest_route=%2Fwp%2Fv2%2Fcomments&post=2112"}],"wp:featuredmedia":[{"embeddable":true,"href":"https:\/\/www.jtlk.net\/apps\/base\/index.php?rest_route=\/wp\/v2\/media\/2111"}],"wp:attachment":[{"href":"https:\/\/www.jtlk.net\/apps\/base\/index.php?rest_route=%2Fwp%2Fv2%2Fmedia&parent=2112"}],"wp:term":[{"taxonomy":"product_cat","embeddable":true,"href":"https:\/\/www.jtlk.net\/apps\/base\/index.php?rest_route=%2Fwp%2Fv2%2Fproduct_cat&post=2112"},{"taxonomy":"product_tag","embeddable":true,"href":"https:\/\/www.jtlk.net\/apps\/base\/index.php?rest_route=%2Fwp%2Fv2%2Fproduct_tag&post=2112"}],"curies":[{"name":"wp","href":"https:\/\/api.w.org\/{rel}","templated":true}]}}