{"id":1523,"date":"2019-11-28T19:19:10","date_gmt":"2019-11-28T11:19:10","guid":{"rendered":"https:\/\/jtlk.net\/apps\/base\/?page_id=1523"},"modified":"2019-11-30T14:27:48","modified_gmt":"2019-11-30T06:27:48","slug":"willkommen-bei-www-jtlk-net","status":"publish","type":"page","link":"https:\/\/www.jtlk.net\/apps\/base\/?page_id=1523&lang=de","title":{"rendered":"Willkommen bei <a href=\"\">www.JTLK.net<\/a>"},"content":{"rendered":"<p><img loading=\"lazy\" decoding=\"async\" class=\"aligncenter size-large wp-image-157\" src=\"https:\/\/jtlk.net\/apps\/base\/wp-content\/uploads\/2018\/01\/JTLK_HK-Skyline-header-1024x576.png\" alt=\"\" width=\"980\" height=\"551\" srcset=\"https:\/\/www.jtlk.net\/apps\/base\/wp-content\/uploads\/2018\/01\/JTLK_HK-Skyline-header-1024x576.png 1024w, https:\/\/www.jtlk.net\/apps\/base\/wp-content\/uploads\/2018\/01\/JTLK_HK-Skyline-header-300x169.png 300w, https:\/\/www.jtlk.net\/apps\/base\/wp-content\/uploads\/2018\/01\/JTLK_HK-Skyline-header-768x432.png 768w, https:\/\/www.jtlk.net\/apps\/base\/wp-content\/uploads\/2018\/01\/JTLK_HK-Skyline-header.png 2048w\" sizes=\"(max-width: 980px) 100vw, 980px\" \/><\/p>\n<h1>\u00dcber uns<\/h1>\n<p><img loading=\"lazy\" decoding=\"async\" class=\"alignright size-medium wp-image-156\" src=\"https:\/\/jtlk.net\/apps\/base\/wp-content\/uploads\/2018\/01\/JTLK_HK-Skyline-Slogans-brand-ID_v9-300x169.png\" alt=\"\" width=\"300\" height=\"169\" srcset=\"https:\/\/www.jtlk.net\/apps\/base\/wp-content\/uploads\/2018\/01\/JTLK_HK-Skyline-Slogans-brand-ID_v9-300x169.png 300w, https:\/\/www.jtlk.net\/apps\/base\/wp-content\/uploads\/2018\/01\/JTLK_HK-Skyline-Slogans-brand-ID_v9-768x432.png 768w, https:\/\/www.jtlk.net\/apps\/base\/wp-content\/uploads\/2018\/01\/JTLK_HK-Skyline-Slogans-brand-ID_v9-1024x576.png 1024w, https:\/\/www.jtlk.net\/apps\/base\/wp-content\/uploads\/2018\/01\/JTLK_HK-Skyline-Slogans-brand-ID_v9.png 2048w\" sizes=\"(max-width: 300px) 100vw, 300px\" \/> Bei JTLK Limited verbinden wir \u00e4sthetisches Design mit Funktionalit\u00e4t.<br \/>\nJTLK Limited ist in der Weltstadt Hongkong gegr\u00fcndet und wir vereinen deutsche Ingenieurskunst mit asiatischer Sch\u00f6nheit im Design.<\/p>\n<p>Unser Prinzip ist einfach, wir bieten nur Produkte an, von denen wir auch selbst pers\u00f6nlich \u00fcberzeugt sind.<br \/>\nNur was wir auch selbst gerne verwenden und haben wollen schafft den Weg in unser Regal.<br \/>\nDaher ist auch das Sicherstellen von Qualit\u00e4t und der Verbesserungsprozess ein ganz nat\u00fcrlicher und kontinuierlicher Zyklus, tief in unserer DNA verankert.<\/p>\n<p><!-- \nAuch auf kultureller Ebene zielen wir darauf Ost und West zu verbinden und bieten eine spezielle Auswahl von\n<a href=\"https:\/\/www.jtlk.net\/wine-selection.html\" rel=\"noopener noreferrer\" target=\"_blank\">Frankenwein <\/a> aus unserer Heimat als Beitrag zum kulturellen Austausch.\n--> <\/p>\n<p>Tragbare elektronische Ger\u00e4te &#8211; neudeutsch kurz: Wearables oder Wearable Devices &#8211; die dabei helfen das t\u00e4gliche Leben einfacher zu machen sind unsere Spezialit\u00e4t.<br \/>\n<!-- Wir haben das Design und die Entwicklung unseres kabellosen, stereo Ohrh\u00f6rers begonnen. Auf unserer speziellen Webseite gibt es mehr Details zu <a href=\"https:\/\/the-c-one.com\/enter\/?page_id=262&lang=de\" rel=\"noopener noreferrer\" target=\"_blank\">C-one&trade; <em style=\"font-size:50%; align:center;\">(Logo anklicken)<\/em> <img decoding=\"async\" class=\" wp-image-197 aligncenter\" src=\"https:\/\/jtlk.net\/apps\/base\/wp-content\/uploads\/2018\/07\/C-one_logo_w-ear-mid_bevel-300x285.png\" alt=\"\"  height=\"50\" \/><\/a><BR>\n--><\/p>\n<p>Wir wollen das Leben f\u00fcr alle modernen Stadtnomaden ein bisschen einfacher und sch\u00f6ner machen &#8211; Schritt f\u00fcr Schritt. Willkommen zu unserer Interpretation von <\/p>\n<p style=\"text-align: center;\"><em style=\"font-size: 200%;\"><strong>Lifestyle &#8211; Leben mit Stil<\/strong><\/em>.<\/p>\n","protected":false},"excerpt":{"rendered":"<p>\u00dcber uns Bei JTLK Limited verbinden wir \u00e4sthetisches Design mit Funktionalit\u00e4t. JTLK Limited ist in der Weltstadt Hongkong gegr\u00fcndet und wir vereinen deutsche Ingenieurskunst mit asiatischer Sch\u00f6nheit im Design. Unser Prinzip ist einfach, wir bieten nur Produkte an, von denen wir auch selbst pers\u00f6nlich \u00fcberzeugt sind. Nur was wir auch selbst gerne verwenden und haben [&hellip;]<\/p>\n","protected":false},"author":3,"featured_media":0,"parent":0,"menu_order":0,"comment_status":"closed","ping_status":"closed","template":"","meta":{"footnotes":""},"_links":{"self":[{"href":"https:\/\/www.jtlk.net\/apps\/base\/index.php?rest_route=\/wp\/v2\/pages\/1523"}],"collection":[{"href":"https:\/\/www.jtlk.net\/apps\/base\/index.php?rest_route=\/wp\/v2\/pages"}],"about":[{"href":"https:\/\/www.jtlk.net\/apps\/base\/index.php?rest_route=\/wp\/v2\/types\/page"}],"author":[{"embeddable":true,"href":"https:\/\/www.jtlk.net\/apps\/base\/index.php?rest_route=\/wp\/v2\/users\/3"}],"replies":[{"embeddable":true,"href":"https:\/\/www.jtlk.net\/apps\/base\/index.php?rest_route=%2Fwp%2Fv2%2Fcomments&post=1523"}],"version-history":[{"count":5,"href":"https:\/\/www.jtlk.net\/apps\/base\/index.php?rest_route=\/wp\/v2\/pages\/1523\/revisions"}],"predecessor-version":[{"id":1686,"href":"https:\/\/www.jtlk.net\/apps\/base\/index.php?rest_route=\/wp\/v2\/pages\/1523\/revisions\/1686"}],"wp:attachment":[{"href":"https:\/\/www.jtlk.net\/apps\/base\/index.php?rest_route=%2Fwp%2Fv2%2Fmedia&parent=1523"}],"curies":[{"name":"wp","href":"https:\/\/api.w.org\/{rel}","templated":true}]}}